{"id":13457,"date":"2026-04-16T14:51:56","date_gmt":"2026-04-16T14:51:56","guid":{"rendered":"https:\/\/blacktenders.fr\/?page_id=13457"},"modified":"2026-05-04T14:36:57","modified_gmt":"2026-05-04T14:36:57","slug":"impressum","status":"publish","type":"page","link":"https:\/\/blacktenders.fr\/de\/mentions-legales\/","title":{"rendered":"Impressum"},"content":{"rendered":"<p><em>Letzte Aktualisierung: 4. Mai 2026<\/em><\/p>\n\n\n\n<h2 class=\"wp-block-heading\">1. Website-Herausgeber<\/h2>\n\n\n\n<p>Die Website <strong>blacktenders.fr<\/strong> wird herausgegeben von:<\/p>\n\n\n\n<p><strong>SASU SCHWARZE ZARTER EVENTS<\/strong><br> Vereinfachte Aktiengesellschaft mit Einzelaktion\u00e4r und einem Kapital von 45.000 \u20ac<br> Hauptsitz: 9025 B Boulevard du Bon Puits, 06210 Mandelieu-la-Napoule<br> RCS Cannes : 823 982 442<br> SIRET (Hauptsitz): 823 982 442 00019<br> Num\u00e9ro de TVA intracommunautaire : FR17823982442<br> Code APE \/ NAF : 5010Z (Personenbef\u00f6rderung zur See und auf Seewegen)<br> Telefon: 06 30 83 88 72<br> E-Mail <a href=\"mailto:staff@blacktenders.fr\">staff@blacktenders.fr<\/a><\/p>\n\n\n\n<h2 class=\"wp-block-heading\">2. Verlagsleiterin<\/h2>\n\n\n\n<p>Madame Emilie GILARDO, Pr\u00e4sidentin der SASU Black Tenders Events.<\/p>\n\n\n\n<h2 class=\"wp-block-heading\">3. Unterkunft<\/h2>\n\n\n\n<p>Die Website wird \u00fcber das Content Delivery Network (CDN) von:<\/p>\n\n\n\n<p>\n<strong>Cloudflare, Inc.<\/strong><br>\n101 Townsend Street, San Francisco, CA 94107, Vereinigte Staaten von Amerika<br>\nSeite <a href=\"https:\/\/www.cloudflare.com\" target=\"_blank\" rel=\"noopener\">www.cloudflare.com<\/a>\n<\/p>\n\n\n\n<p>Die Unterbringung der Herkunftsserver erfolgt durch:<\/p>\n\n\n\n<p><strong>IONOS SARL<\/strong><br>7 Place de la Gare, 57200 Sarreguemines, Frankreich<br>Telefon: 0805 542 180<br>Seite <a href=\"https:\/\/www.ionos.fr\" target=\"_blank\" rel=\"noopener\">www.ionos.fr<\/a><\/p>\n\n\n\n<h2 class=\"wp-block-heading\">4. Konzeption und Entwicklung<\/h2>\n\n\n\n<p>\nWebsite entworfen und entwickelt von <strong><a href=\"https:\/\/studiojae.fr\" target=\"_blank\" rel=\"noopener\">StudioJae<\/a><\/strong> (Elliot Varin, EI), digitale Agentur an der C\u00f4te d\u2019Azur, spezialisiert auf WordPress, individuelle Entwicklung und SEO.<br>\nSIRENE: 852 024 629 00010\n<\/p>\n\n\n\n<h2 class=\"wp-block-heading\">5. Regulierte T\u00e4tigkeit<\/h2>\n\n\n\n<p>Black Tenders Events betreibt den Transport von Passagieren auf See und die Organisation von nautischen Veranstaltungen. Die eingesetzten Schiffe sind bei den franz\u00f6sischen Schifffahrtsbeh\u00f6rden registriert und gem\u00e4\u00df den geltenden Vorschriften (Division 240 und\/oder 241 der Schiffs-Sicherheitsvorschriften je nach Nutzung) bemannt.<\/p>\n\n\n\n<p>Berufshaftpflichtversicherung: Referenzen auf Anfrage erh\u00e4ltlich unter <a href=\"mailto:staff@blacktenders.fr\">staff@blacktenders.fr<\/a>.<br> Geografische Abdeckung: Mittelmeer, K\u00fcstenschifffahrtsgebiet zwischen Monaco und Saint-Tropez.<\/p>\n\n\n\n<h2 class=\"wp-block-heading\">6. Geistiges Eigentum<\/h2>\n\n\n\n<p>Alle Inhalte der Website blacktenders.fr (Texte, Fotos, Videos, Grafiken, Marken, Logos, Architektur) sind durch das Urheberrecht und das Markenrecht gesch\u00fctzt. Die Marke \u00abBlack Tenders\u00bb und ihr Logo sind ausschlie\u00dfliches Eigentum der SASU Black Tenders Events.<\/p>\n\n\n\n<p>Jede Vervielf\u00e4ltigung, Darstellung, \u00c4nderung, Ver\u00f6ffentlichung oder Anpassung von Teilen oder des gesamten Inhalts der Website ist ohne vorherige schriftliche Genehmigung verboten. Jede unerlaubte Nutzung stellt eine Verletzung dar, die durch die Artikel L.335-2 und folgende des Gesetzes \u00fcber geistiges Eigentum geahndet wird.<\/p>\n\n\n\n<h2 class=\"wp-block-heading\">7. Haftungsbeschr\u00e4nkung<\/h2>\n\n\n\n<p>Black Tenders Events bem\u00fcht sich, genaue und aktuelle Informationen auf der Website bereitzustellen, kann jedoch keine Vollst\u00e4ndigkeit oder Fehlerfreiheit garantieren. Informationen bez\u00fcglich Ausfl\u00fcgen, Seebedingungen, Verf\u00fcgbarkeiten und Preisen sind Richtwerte und k\u00f6nnen sich \u00e4ndern. Black Tenders Events beh\u00e4lt sich das Recht vor, Leistungen unter den vorgesehenen Bedingungen zu \u00e4ndern, abzusagen oder zu verschieben. <a href=\"\/de\/allgemeine-verkaufsbedingungen\/\">AGB<\/a>.<\/p>\n\n\n\n<h2 class=\"wp-block-heading\">8. Hyperlinks<\/h2>\n\n\n\n<p>Die Website kann Links zu Websites Dritter (GetYourGuide, soziale Medien, Partner) enthalten. Black Tenders Events \u00fcbt keine Kontrolle \u00fcber diese Websites aus und \u00fcbernimmt keine Verantwortung f\u00fcr deren Inhalt.<\/p>\n\n\n\n<h2 class=\"wp-block-heading\">9. Personenbezogene Daten und Cookies<\/h2>\n\n\n\n<p>Behandlung personenbezogener Daten ist detailliert in der <a href=\"\/de\/politique-confidentialite\/\">Datenschutzrichtlinie<\/a> und die Verwendung von Cookies in der <a href=\"\/de\/cookie-richtlinien\/\">Cookie-Richtlinie<\/a>.<\/p>\n\n\n\n<h2 class=\"wp-block-heading\">10. Anwendbares Recht und Gerichtsstand<\/h2>\n\n\n\n<p>Diese rechtlichen Hinweise unterliegen franz\u00f6sischem Recht. Im Falle einer Streitigkeit und nach Scheitern aller au\u00dfergerichtlichen Einigungsversuche werden die zust\u00e4ndigen Gerichte am Sitz des Unternehmens angerufen, vorbehaltlich der zwingenden Rechtsvorschriften zum Schutz der Verbraucher.<\/p>\n\n\n\n<h2 class=\"wp-block-heading\">11. Kontakt<\/h2>\n\n\n\n<p>Bei Fragen: <a href=\"mailto:staff@blacktenders.fr\">staff@blacktenders.fr<\/a> \u2014 06 30 83 88 72<\/p>","protected":false},"excerpt":{"rendered":"<p>Derni\u00e8re mise \u00e0 jour : 4 mai 2026 1. \u00c9diteur du site Le site blacktenders.fr est \u00e9dit\u00e9 par : SASU BLACK TENDERS EVENTS Soci\u00e9t\u00e9 par Actions Simplifi\u00e9e Unipersonnelle au capital de 45 000 \u20ac Si\u00e8ge social : 9025 B Boulevard du Bon Puits, 06210 Mandelieu-la-Napoule RCS Cannes : 823 982 442 SIRET (si\u00e8ge) : 823 [&hellip;]<\/p>\n","protected":false},"author":1,"featured_media":0,"parent":0,"menu_order":0,"comment_status":"closed","ping_status":"closed","template":"","meta":{"_acf_changed":false,"footnotes":""},"class_list":["post-13457","page","type-page","status-publish","hentry"],"acf":[],"yoast_head":"<!-- This site is optimized with the Yoast SEO plugin v27.2 - https:\/\/yoast.com\/product\/yoast-seo-wordpress\/ -->\n<title>Mentions l\u00e9gales - BlackTenders<\/title>\n<meta name=\"description\" content=\"Bienvenue sur les Mentions l\u00e9gales BlackTenders du Site (telles que d\u00e9finies ci-dessous)\" \/>\n<meta name=\"robots\" content=\"index, follow, max-snippet:-1, max-image-preview:large, max-video-preview:-1\" \/>\n<link rel=\"canonical\" href=\"https:\/\/blacktenders.fr\/de\/impressum\/\" \/>\n<meta property=\"og:locale\" content=\"de_DE\" \/>\n<meta property=\"og:type\" content=\"article\" \/>\n<meta property=\"og:title\" content=\"Mentions l\u00e9gales - BlackTenders\" \/>\n<meta property=\"og:description\" content=\"Bienvenue sur les Mentions l\u00e9gales BlackTenders du Site (telles que d\u00e9finies ci-dessous)\" \/>\n<meta property=\"og:url\" content=\"https:\/\/blacktenders.fr\/de\/impressum\/\" \/>\n<meta property=\"og:site_name\" content=\"Black Tenders | Excursions en bateau, location et transferts priv\u00e9s sur la C\u00f4te d&#039;Azur\" \/>\n<meta property=\"article:publisher\" content=\"https:\/\/www.facebook.com\/blacktenders\/\" \/>\n<meta property=\"article:modified_time\" content=\"2026-05-04T14:36:57+00:00\" \/>\n<meta name=\"twitter:card\" content=\"summary_large_image\" \/>\n<meta name=\"twitter:label1\" content=\"Gesch\u00e4tzte Lesezeit\" \/>\n\t<meta name=\"twitter:data1\" content=\"3\u00a0Minuten\" \/>\n<!-- \/ Yoast SEO plugin. -->","yoast_head_json":{"title":"Impressum - BlackTenders","description":"Willkommen bei BlackTenders Impressum der Website (wie unten definiert)","robots":{"index":"index","follow":"follow","max-snippet":"max-snippet:-1","max-image-preview":"max-image-preview:large","max-video-preview":"max-video-preview:-1"},"canonical":"https:\/\/blacktenders.fr\/de\/impressum\/","og_locale":"de_DE","og_type":"article","og_title":"Mentions l\u00e9gales - BlackTenders","og_description":"Bienvenue sur les Mentions l\u00e9gales BlackTenders du Site (telles que d\u00e9finies ci-dessous)","og_url":"https:\/\/blacktenders.fr\/de\/impressum\/","og_site_name":"Black Tenders | Excursions en bateau, location et transferts priv\u00e9s sur la C\u00f4te d&#039;Azur","article_publisher":"https:\/\/www.facebook.com\/blacktenders\/","article_modified_time":"2026-05-04T14:36:57+00:00","twitter_card":"summary_large_image","twitter_misc":{"Gesch\u00e4tzte Lesezeit":"3\u00a0Minuten"},"schema":{"@context":"https:\/\/schema.org","@graph":[{"@type":"WebPage","@id":"https:\/\/blacktenders.fr\/mentions-legales\/","url":"https:\/\/blacktenders.fr\/mentions-legales\/","name":"Impressum - BlackTenders","isPartOf":{"@id":"https:\/\/blacktenders.fr\/#website"},"datePublished":"2026-04-16T14:51:56+00:00","dateModified":"2026-05-04T14:36:57+00:00","description":"Willkommen bei BlackTenders Impressum der Website (wie unten definiert)","breadcrumb":{"@id":"https:\/\/blacktenders.fr\/mentions-legales\/#breadcrumb"},"inLanguage":"de","potentialAction":[{"@type":"ReadAction","target":["https:\/\/blacktenders.fr\/mentions-legales\/"]}]},{"@type":"BreadcrumbList","@id":"https:\/\/blacktenders.fr\/mentions-legales\/#breadcrumb","itemListElement":[{"@type":"ListItem","position":1,"name":"Home","item":"https:\/\/blacktenders.fr\/"},{"@type":"ListItem","position":2,"name":"Mentions l\u00e9gales"}]},{"@type":"WebSite","@id":"https:\/\/blacktenders.fr\/#website","url":"https:\/\/blacktenders.fr\/","name":"Black Tenders | Excursions en bateau, location et transferts priv\u00e9s sur la C\u00f4te d&#039;Azur","description":"","publisher":{"@id":"https:\/\/blacktenders.fr\/#organization"},"potentialAction":[{"@type":"SearchAction","target":{"@type":"EntryPoint","urlTemplate":"https:\/\/blacktenders.fr\/?s={search_term_string}"},"query-input":{"@type":"PropertyValueSpecification","valueRequired":true,"valueName":"search_term_string"}}],"inLanguage":"de"},{"@type":"Organization","@id":"https:\/\/blacktenders.fr\/#organization","name":"BlackTenders Events","alternateName":"BT Events","url":"https:\/\/blacktenders.fr\/","logo":{"@type":"ImageObject","inLanguage":"de","@id":"https:\/\/blacktenders.fr\/#\/schema\/logo\/image\/","url":"https:\/\/blacktenders.fr\/wp-content\/uploads\/2026\/03\/67136de813940d326346af8d_Black-Tenders_colors-wh-1-e1604930338920-1.avif","contentUrl":"https:\/\/blacktenders.fr\/wp-content\/uploads\/2026\/03\/67136de813940d326346af8d_Black-Tenders_colors-wh-1-e1604930338920-1.avif","width":350,"height":130,"caption":"BlackTenders Events"},"image":{"@id":"https:\/\/blacktenders.fr\/#\/schema\/logo\/image\/"},"sameAs":["https:\/\/www.facebook.com\/blacktenders\/"]}]}},"_links":{"self":[{"href":"https:\/\/blacktenders.fr\/de\/wp-json\/wp\/v2\/pages\/13457","targetHints":{"allow":["GET"]}}],"collection":[{"href":"https:\/\/blacktenders.fr\/de\/wp-json\/wp\/v2\/pages"}],"about":[{"href":"https:\/\/blacktenders.fr\/de\/wp-json\/wp\/v2\/types\/page"}],"author":[{"embeddable":true,"href":"https:\/\/blacktenders.fr\/de\/wp-json\/wp\/v2\/users\/1"}],"replies":[{"embeddable":true,"href":"https:\/\/blacktenders.fr\/de\/wp-json\/wp\/v2\/comments?post=13457"}],"version-history":[{"count":3,"href":"https:\/\/blacktenders.fr\/de\/wp-json\/wp\/v2\/pages\/13457\/revisions"}],"predecessor-version":[{"id":14485,"href":"https:\/\/blacktenders.fr\/de\/wp-json\/wp\/v2\/pages\/13457\/revisions\/14485"}],"wp:attachment":[{"href":"https:\/\/blacktenders.fr\/de\/wp-json\/wp\/v2\/media?parent=13457"}],"curies":[{"name":"wp","href":"https:\/\/api.w.org\/{rel}","templated":true}]}}