{"id":13457,"date":"2026-04-16T14:51:56","date_gmt":"2026-04-16T14:51:56","guid":{"rendered":"https:\/\/blacktenders.fr\/?page_id=13457"},"modified":"2026-05-04T14:36:57","modified_gmt":"2026-05-04T14:36:57","slug":"note-legali","status":"publish","type":"page","link":"https:\/\/blacktenders.fr\/it\/mentions-legales\/","title":{"rendered":"Menzioni legali"},"content":{"rendered":"<p><em>Ultimo aggiornamento: 4 maggio 2026<\/em><\/p>\n\n\n\n<h2 class=\"wp-block-heading\">1. Editore del sito<\/h2>\n\n\n\n<p>Il sito <strong>blacktenders.fr<\/strong> \u00e8 edito da:<\/p>\n\n\n\n<p><strong>SASU TENDER NERO EVENTI<\/strong><br> Societ\u00e0 per Azioni Semplificata Unipersonale con capitale di 45.000 \u20ac<br> Sede legale: 9025 B Boulevard du Bon Puits, 06210 Mandelieu-la-Napoule<br> RCS Cannes : 823 982 442<br> SIRET (sede): 823 982 442 00019<br> Numero di TVA intracomunitaria: FR17823982442<br> Codice APE\/NAF: 5010Z (Trasporto marittimo e costiero di passeggeri)<br> Telefono: 06 30 83 88 72<br> E-mail : <a href=\"mailto:staff@blacktenders.fr\">staff@blacktenders.fr<\/a><\/p>\n\n\n\n<h2 class=\"wp-block-heading\">2. Direttore responsabile<\/h2>\n\n\n\n<p>Signora Emilie GILARDO, Presidente della SASU Black Tenders Events.<\/p>\n\n\n\n<h2 class=\"wp-block-heading\">3. Alloggio<\/h2>\n\n\n\n<p>Il sito \u00e8 distribuito tramite la rete di distribuzione di contenuti (CDN) di:<\/p>\n\n\n\n<p>\n<strong>Cloudflare, Inc.<\/strong><br>\n101 Townsend Street, San Francisco, CA 94107, Stati Uniti<br>\nSito: <a href=\"https:\/\/www.cloudflare.com\" target=\"_blank\" rel=\"noopener\">www.cloudflare.com<\/a>\n<\/p>\n\n\n\n<p>L'h\u00e9bergement des serveurs d'origine est assur\u00e9 par :<\/p>\n\n\n\n<p><strong>IONOS SARL<\/strong><br>7 Place de la Gare, 57200 Sarreguemines, Francia<br>Telefono: 0805 542 180<br>Sito: <a href=\"https:\/\/www.ionos.fr\" target=\"_blank\" rel=\"noopener\">www.ionos.fr<\/a><\/p>\n\n\n\n<h2 class=\"wp-block-heading\">4. Ideazione e sviluppo<\/h2>\n\n\n\n<p>\nSito pensato e sviluppato da <strong><a href=\"https:\/\/studiojae.fr\" target=\"_blank\" rel=\"noopener\">StudioJae<\/a><\/strong> (Elliot Varin, EI), agenzia digitale basata sulla Costa Azzurra, specializzata in WordPress, sviluppo su misura e SEO.<br>\nSIRET : 852 024 629 00010\n<\/p>\n\n\n\n<h2 class=\"wp-block-heading\">5. Attivit\u00e0 regolamentata<\/h2>\n\n\n\n<p>Black Tenders Events svolge attivit\u00e0 di trasporto marittimo di passeggeri e organizzazione di eventi nautici. Le navi operate sono registrate presso le autorit\u00e0 marittime francesi e armate in conformit\u00e0 alla normativa in vigore (divisioni 240 e\/o 241 del regolamento relativo alla sicurezza delle navi a seconda del loro uso).<\/p>\n\n\n\n<p>Assicurazione di responsabilit\u00e0 civile professionale: riferimenti comunicati su richiesta a <a href=\"mailto:staff@blacktenders.fr\">staff@blacktenders.fr<\/a>.<br> Copertura geografica: Mediterraneo, zona di navigazione costiera tra Monaco e Saint-Tropez.<\/p>\n\n\n\n<h2 class=\"wp-block-heading\">6. Propriet\u00e0 intellettuale<\/h2>\n\n\n\n<p>L'insieme dei contenuti del sito blacktenders.fr (testi, fotografie, video, grafiche, marchi, loghi, architettura) sono protetti dal diritto d'autore e dal diritto dei marchi. Il marchio \u00ab Black Tenders \u00bb e il suo logo sono di propriet\u00e0 esclusiva della SASU Black Tenders Events.<\/p>\n\n\n\n<p>Qualsiasi riproduzione, rappresentazione, modifica, pubblicazione o adattamento, totale o parziale, degli elementi del sito, con qualsiasi mezzo, \u00e8 vietata senza previa autorizzazione scritta. Qualsiasi uso non autorizzato costituisce una contraffazione sanzionata dagli articoli L.335-2 e seguenti del Codice della propriet\u00e0 intellettuale.<\/p>\n\n\n\n<h2 class=\"wp-block-heading\">7. Limitazione di responsabilit\u00e0<\/h2>\n\n\n\n<p>Black Tenders Events si impegna a fornire informazioni accurate e aggiornate sul sito, ma non pu\u00f2 garantirne l'esaustivit\u00e0 n\u00e9 l'assenza di errori. Le informazioni relative a escursioni, condizioni di navigazione, disponibilit\u00e0 e tariffe sono indicative e soggette a modifiche. Black Tenders Events si riserva il diritto di modificare, annullare o posticipare qualsiasi prestazione nelle condizioni previste dai <a href=\"\/it\/condizioni-generali-di-vendita\/\">CGV<\/a>.<\/p>\n\n\n\n<h2 class=\"wp-block-heading\">8. Collegamenti ipertestuali<\/h2>\n\n\n\n<p>Il sito pu\u00f2 contenere collegamenti a siti di terze parti (GetYourGuide, social network, partner). Black Tenders Events non esercita alcun controllo su tali siti e declina ogni responsabilit\u00e0 per il loro contenuto.<\/p>\n\n\n\n<h2 class=\"wp-block-heading\">9. Dati personali e cookie<\/h2>\n\n\n\n<p>Il trattamento dei dati personali \u00e8 dettagliato nella <a href=\"\/it\/politique-confidentialite\/\">Politica sulla Privacy<\/a> e l\u2019uso dei cookie in <a href=\"\/it\/politica-cookie\/\">Politica sui cookie<\/a>.<\/p>\n\n\n\n<h2 class=\"wp-block-heading\">10. Diritto applicabile e giurisdizione<\/h2>\n\n\n\n<p>Le presenti note legali sono disciplinate dal diritto francese. In caso di controversia, e dopo il fallimento di ogni tentativo di risoluzione amichevole, saranno aditi i tribunali competenti del circondario della sede sociale, salvo le norme di ordine pubblico protettive dei consumatori.<\/p>\n\n\n\n<h2 class=\"wp-block-heading\">11. Contatti<\/h2>\n\n\n\n<p>Per qualsiasi domanda: <a href=\"mailto:staff@blacktenders.fr\">staff@blacktenders.fr<\/a> \u2014 06 30 83 88 72<\/p>","protected":false},"excerpt":{"rendered":"<p>Derni\u00e8re mise \u00e0 jour : 4 mai 2026 1. \u00c9diteur du site Le site blacktenders.fr est \u00e9dit\u00e9 par : SASU BLACK TENDERS EVENTS Soci\u00e9t\u00e9 par Actions Simplifi\u00e9e Unipersonnelle au capital de 45 000 \u20ac Si\u00e8ge social : 9025 B Boulevard du Bon Puits, 06210 Mandelieu-la-Napoule RCS Cannes : 823 982 442 SIRET (si\u00e8ge) : 823 [&hellip;]<\/p>\n","protected":false},"author":1,"featured_media":0,"parent":0,"menu_order":0,"comment_status":"closed","ping_status":"closed","template":"","meta":{"_acf_changed":false,"footnotes":""},"class_list":["post-13457","page","type-page","status-publish","hentry"],"acf":[],"yoast_head":"<!-- This site is optimized with the Yoast SEO plugin v27.2 - https:\/\/yoast.com\/product\/yoast-seo-wordpress\/ -->\n<title>Mentions l\u00e9gales - BlackTenders<\/title>\n<meta name=\"description\" content=\"Bienvenue sur les Mentions l\u00e9gales BlackTenders du Site (telles que d\u00e9finies ci-dessous)\" \/>\n<meta name=\"robots\" content=\"index, follow, max-snippet:-1, max-image-preview:large, max-video-preview:-1\" \/>\n<link rel=\"canonical\" href=\"https:\/\/blacktenders.fr\/it\/note-legali\/\" \/>\n<meta property=\"og:locale\" content=\"it_IT\" \/>\n<meta property=\"og:type\" content=\"article\" \/>\n<meta property=\"og:title\" content=\"Mentions l\u00e9gales - BlackTenders\" \/>\n<meta property=\"og:description\" content=\"Bienvenue sur les Mentions l\u00e9gales BlackTenders du Site (telles que d\u00e9finies ci-dessous)\" \/>\n<meta property=\"og:url\" content=\"https:\/\/blacktenders.fr\/it\/note-legali\/\" \/>\n<meta property=\"og:site_name\" content=\"Black Tenders | Excursions en bateau, location et transferts priv\u00e9s sur la C\u00f4te d&#039;Azur\" \/>\n<meta property=\"article:publisher\" content=\"https:\/\/www.facebook.com\/blacktenders\/\" \/>\n<meta property=\"article:modified_time\" content=\"2026-05-04T14:36:57+00:00\" \/>\n<meta name=\"twitter:card\" content=\"summary_large_image\" \/>\n<meta name=\"twitter:label1\" content=\"Tempo di lettura stimato\" \/>\n\t<meta name=\"twitter:data1\" content=\"3 minuti\" \/>\n<!-- \/ Yoast SEO plugin. -->","yoast_head_json":{"title":"Note legali - BlackTenders","description":"Benvenuti nelle Note legali di BlackTenders del Sito (come definite di seguito)","robots":{"index":"index","follow":"follow","max-snippet":"max-snippet:-1","max-image-preview":"max-image-preview:large","max-video-preview":"max-video-preview:-1"},"canonical":"https:\/\/blacktenders.fr\/it\/note-legali\/","og_locale":"it_IT","og_type":"article","og_title":"Mentions l\u00e9gales - BlackTenders","og_description":"Bienvenue sur les Mentions l\u00e9gales BlackTenders du Site (telles que d\u00e9finies ci-dessous)","og_url":"https:\/\/blacktenders.fr\/it\/note-legali\/","og_site_name":"Black Tenders | Excursions en bateau, location et transferts priv\u00e9s sur la C\u00f4te d&#039;Azur","article_publisher":"https:\/\/www.facebook.com\/blacktenders\/","article_modified_time":"2026-05-04T14:36:57+00:00","twitter_card":"summary_large_image","twitter_misc":{"Tempo di lettura stimato":"3 minuti"},"schema":{"@context":"https:\/\/schema.org","@graph":[{"@type":"WebPage","@id":"https:\/\/blacktenders.fr\/mentions-legales\/","url":"https:\/\/blacktenders.fr\/mentions-legales\/","name":"Note legali - BlackTenders","isPartOf":{"@id":"https:\/\/blacktenders.fr\/#website"},"datePublished":"2026-04-16T14:51:56+00:00","dateModified":"2026-05-04T14:36:57+00:00","description":"Benvenuti nelle Note legali di BlackTenders del Sito (come definite di seguito)","breadcrumb":{"@id":"https:\/\/blacktenders.fr\/mentions-legales\/#breadcrumb"},"inLanguage":"it-IT","potentialAction":[{"@type":"ReadAction","target":["https:\/\/blacktenders.fr\/mentions-legales\/"]}]},{"@type":"BreadcrumbList","@id":"https:\/\/blacktenders.fr\/mentions-legales\/#breadcrumb","itemListElement":[{"@type":"ListItem","position":1,"name":"Home","item":"https:\/\/blacktenders.fr\/"},{"@type":"ListItem","position":2,"name":"Mentions l\u00e9gales"}]},{"@type":"WebSite","@id":"https:\/\/blacktenders.fr\/#website","url":"https:\/\/blacktenders.fr\/","name":"Black Tenders | Escursioni in barca, noleggio e trasferimenti privati sulla Costa Azzurra","description":"","publisher":{"@id":"https:\/\/blacktenders.fr\/#organization"},"potentialAction":[{"@type":"SearchAction","target":{"@type":"EntryPoint","urlTemplate":"https:\/\/blacktenders.fr\/?s={search_term_string}"},"query-input":{"@type":"PropertyValueSpecification","valueRequired":true,"valueName":"search_term_string"}}],"inLanguage":"it-IT"},{"@type":"Organization","@id":"https:\/\/blacktenders.fr\/#organization","name":"BlackTenders Events","alternateName":"BT Events","url":"https:\/\/blacktenders.fr\/","logo":{"@type":"ImageObject","inLanguage":"it-IT","@id":"https:\/\/blacktenders.fr\/#\/schema\/logo\/image\/","url":"https:\/\/blacktenders.fr\/wp-content\/uploads\/2026\/03\/67136de813940d326346af8d_Black-Tenders_colors-wh-1-e1604930338920-1.avif","contentUrl":"https:\/\/blacktenders.fr\/wp-content\/uploads\/2026\/03\/67136de813940d326346af8d_Black-Tenders_colors-wh-1-e1604930338920-1.avif","width":350,"height":130,"caption":"BlackTenders Events"},"image":{"@id":"https:\/\/blacktenders.fr\/#\/schema\/logo\/image\/"},"sameAs":["https:\/\/www.facebook.com\/blacktenders\/"]}]}},"_links":{"self":[{"href":"https:\/\/blacktenders.fr\/it\/wp-json\/wp\/v2\/pages\/13457","targetHints":{"allow":["GET"]}}],"collection":[{"href":"https:\/\/blacktenders.fr\/it\/wp-json\/wp\/v2\/pages"}],"about":[{"href":"https:\/\/blacktenders.fr\/it\/wp-json\/wp\/v2\/types\/page"}],"author":[{"embeddable":true,"href":"https:\/\/blacktenders.fr\/it\/wp-json\/wp\/v2\/users\/1"}],"replies":[{"embeddable":true,"href":"https:\/\/blacktenders.fr\/it\/wp-json\/wp\/v2\/comments?post=13457"}],"version-history":[{"count":3,"href":"https:\/\/blacktenders.fr\/it\/wp-json\/wp\/v2\/pages\/13457\/revisions"}],"predecessor-version":[{"id":14485,"href":"https:\/\/blacktenders.fr\/it\/wp-json\/wp\/v2\/pages\/13457\/revisions\/14485"}],"wp:attachment":[{"href":"https:\/\/blacktenders.fr\/it\/wp-json\/wp\/v2\/media?parent=13457"}],"curies":[{"name":"wp","href":"https:\/\/api.w.org\/{rel}","templated":true}]}}