{"id":13457,"date":"2026-04-16T14:51:56","date_gmt":"2026-04-16T14:51:56","guid":{"rendered":"https:\/\/blacktenders.fr\/?page_id=13457"},"modified":"2026-05-04T14:36:57","modified_gmt":"2026-05-04T14:36:57","slug":"mencoes-legais","status":"publish","type":"page","link":"https:\/\/blacktenders.fr\/pt\/mentions-legales\/","title":{"rendered":"Men\u00e7\u00f5es legais"},"content":{"rendered":"<p><em>\u00daltima atualiza\u00e7\u00e3o: 4 de maio de 2026<\/em><\/p>\n\n\n\n<h2 class=\"wp-block-heading\">1. Editor do site<\/h2>\n\n\n\n<p>O site <strong>blacktenders.pt<\/strong> est\u00e1 editado por:<\/p>\n\n\n\n<p><strong>SASU TENDERS PRETAS EVENTOS<\/strong><br> Sociedade por A\u00e7\u00f5es Simplificada Unipessoal com um capital de 45.000 \u20ac<br> Sede social: 9025 B Boulevard du Bon Puits, 06210 Mandelieu-la-Napoule<br> RCS Cannes: 823 982 442<br> SIRET (sede): 823 982 442 00019<br> N\u00ba de IVA intracomunit\u00e1rio: FR17823982442<br> C\u00f3digo APE \/ NAF: 5010Z (Transporte mar\u00edtimo e costeiro de passageiros)<br> Telefone: 06 30 83 88 72<br> E-mail : <a href=\"mailto:staff@blacktenders.fr\">staff@blacktenders.fr<\/a><\/p>\n\n\n\n<h2 class=\"wp-block-heading\">2. Diretora da publica\u00e7\u00e3o<\/h2>\n\n\n\n<p>Senhora Emilie GILARDO, Presidente da SASU Black Tenders Events.<\/p>\n\n\n\n<h2 class=\"wp-block-heading\">3. Alojamento<\/h2>\n\n\n\n<p>O site \u00e9 distribu\u00eddo atrav\u00e9s da rede de entrega de conte\u00fado (CDN) de:<\/p>\n\n\n\n<p>\n<strong>Cloudflare, Inc.<\/strong><br>\n101 Townsend Street, San Francisco, CA 94107, Estados Unidos<br>\nS\u00edtio: <a href=\"https:\/\/www.cloudflare.com\" target=\"_blank\" rel=\"noopener\">www.cloudflare.com<\/a>\n<\/p>\n\n\n\n<p>O alojamento dos servidores de origem \u00e9 assegurado por:<\/p>\n\n\n\n<p><strong>IONOS SARL<\/strong><br>7 Place de la Gare, 57200 Sarreguemines, Fran\u00e7a<br>Telefone: 0805 542 180<br>S\u00edtio: <a href=\"https:\/\/www.ionos.fr\" target=\"_blank\" rel=\"noopener\">www.ionos.pt<\/a><\/p>\n\n\n\n<h2 class=\"wp-block-heading\">4. Conce\u00e7\u00e3o e desenvolvimento<\/h2>\n\n\n\n<p>\nSite concebido e desenvolvido por <strong><a href=\"https:\/\/studiojae.fr\" target=\"_blank\" rel=\"noopener\">StudioJae<\/a><\/strong> (Elliot Varin, EI), ag\u00eancia digital sediada na C\u00f4te d\u2019Azur, especializada em WordPress, desenvolvimento \u00e0 medida e SEO.<br>\nSIRET: 852 024 629 00010\n<\/p>\n\n\n\n<h2 class=\"wp-block-heading\">5. Atividade Regulamentada<\/h2>\n\n\n\n<p>Black Tenders Events exerce uma atividade de transporte mar\u00edtimo de passageiros e organiza\u00e7\u00e3o de eventos n\u00e1uticos. Os navios explorados est\u00e3o matriculados junto das autoridades mar\u00edtimas francesas e guarnecidos em conformidade com a regulamenta\u00e7\u00e3o em vigor (divis\u00f5es 240 e\/ou 241 do regulamento relativo \u00e0 seguran\u00e7a dos navios consoante a sua utiliza\u00e7\u00e3o).<\/p>\n\n\n\n<p>Seguro de Responsabilidade Civil Profissional: refer\u00eancias comunicadas mediante solicita\u00e7\u00e3o para <a href=\"mailto:staff@blacktenders.fr\">staff@blacktenders.fr<\/a>.<br> Cobertura geogr\u00e1fica: Mediterr\u00e2neo, zona de navega\u00e7\u00e3o costeira entre M\u00f3naco e Saint-Tropez.<\/p>\n\n\n\n<h2 class=\"wp-block-heading\">6. Propriedade Intelectual<\/h2>\n\n\n\n<p>O conjunto dos conte\u00fados do site blacktenders.fr (textos, fotografias, v\u00eddeos, grafismos, marcas, log\u00f3tipos, arquitetura) s\u00e3o protegidos pelo direito de autor e pelo direito das marcas. A marca \u00ab Black Tenders \u00bb e o seu log\u00f3tipo s\u00e3o propriedade exclusiva da SASU Black Tenders Events.<\/p>\n\n\n\n<p>Qualquer reprodu\u00e7\u00e3o, representa\u00e7\u00e3o, modifica\u00e7\u00e3o, publica\u00e7\u00e3o ou adapta\u00e7\u00e3o de todo ou parte dos elementos do s\u00edtio, por qualquer meio que seja, \u00e9 proibida sem autoriza\u00e7\u00e3o escrita pr\u00e9via. Qualquer utiliza\u00e7\u00e3o n\u00e3o autorizada constitui uma contrafa\u00e7\u00e3o sancionada pelos artigos L.335-2 e seguintes do C\u00f3digo da Propriedade Intelectual.<\/p>\n\n\n\n<h2 class=\"wp-block-heading\">7. Limita\u00e7\u00e3o de responsabilidade<\/h2>\n\n\n\n<p>A Black Tenders Events esfor\u00e7a-se por fornecer informa\u00e7\u00f5es precisas e atualizadas no site, mas n\u00e3o pode garantir a sua totalidade nem a aus\u00eancia de erros. As informa\u00e7\u00f5es relativas a passeios, condi\u00e7\u00f5es de navega\u00e7\u00e3o, disponibilidades e tarifas s\u00e3o indicativas e podem sofrer altera\u00e7\u00f5es. A Black Tenders Events reserva-se o direito de modificar, cancelar ou adiar qualquer servi\u00e7o, nas condi\u00e7\u00f5es previstas nos termos. <a href=\"\/pt\/condicoes-gerais-de-venda\/\">CGV<\/a>.<\/p>\n\n\n\n<h2 class=\"wp-block-heading\">8. Hiperliga\u00e7\u00f5es<\/h2>\n\n\n\n<p>O site pode conter liga\u00e7\u00f5es para sites de terceiros (GetYourGuide, redes sociais, parceiros). A Black Tenders Events n\u00e3o exerce qualquer controlo sobre estes sites e declina qualquer responsabilidade quanto ao seu conte\u00fado.<\/p>\n\n\n\n<h2 class=\"wp-block-heading\">9. Dados pessoais e cookies<\/h2>\n\n\n\n<p>O tratamento de dados pessoais \u00e9 detalhado na <a href=\"\/pt\/politique-confidentialite\/\">Pol\u00edtica de Privacidade<\/a> e o uso de cookies na <a href=\"\/pt\/politica-de-cookies\/\">Pol\u00edtica de Cookies<\/a>.<\/p>\n\n\n\n<h2 class=\"wp-block-heading\">10. Legisla\u00e7\u00e3o aplic\u00e1vel e foro<\/h2>\n\n\n\n<p>As presentes notas legais s\u00e3o regidas pelo direito franc\u00eas. Em caso de lit\u00edgio, e ap\u00f3s o fracasso de qualquer tentativa de resolu\u00e7\u00e3o amig\u00e1vel, os tribunais competentes da jurisdi\u00e7\u00e3o da sede social ser\u00e3o convocados, salvaguardadas as regras de ordem p\u00fablica de prote\u00e7\u00e3o dos consumidores.<\/p>\n\n\n\n<h2 class=\"wp-block-heading\">11. Contacto<\/h2>\n\n\n\n<p>Para qualquer quest\u00e3o: <a href=\"mailto:staff@blacktenders.fr\">staff@blacktenders.fr<\/a> \u2014 06 30 83 88 72<\/p>","protected":false},"excerpt":{"rendered":"<p>Derni\u00e8re mise \u00e0 jour : 4 mai 2026 1. \u00c9diteur du site Le site blacktenders.fr est \u00e9dit\u00e9 par : SASU BLACK TENDERS EVENTS Soci\u00e9t\u00e9 par Actions Simplifi\u00e9e Unipersonnelle au capital de 45 000 \u20ac Si\u00e8ge social : 9025 B Boulevard du Bon Puits, 06210 Mandelieu-la-Napoule RCS Cannes : 823 982 442 SIRET (si\u00e8ge) : 823 [&hellip;]<\/p>\n","protected":false},"author":1,"featured_media":0,"parent":0,"menu_order":0,"comment_status":"closed","ping_status":"closed","template":"","meta":{"_acf_changed":false,"footnotes":""},"class_list":["post-13457","page","type-page","status-publish","hentry"],"acf":[],"yoast_head":"<!-- This site is optimized with the Yoast SEO plugin v27.2 - https:\/\/yoast.com\/product\/yoast-seo-wordpress\/ -->\n<title>Mentions l\u00e9gales - BlackTenders<\/title>\n<meta name=\"description\" content=\"Bienvenue sur les Mentions l\u00e9gales BlackTenders du Site (telles que d\u00e9finies ci-dessous)\" \/>\n<meta name=\"robots\" content=\"index, follow, max-snippet:-1, max-image-preview:large, max-video-preview:-1\" \/>\n<link rel=\"canonical\" href=\"https:\/\/blacktenders.fr\/pt\/mencoes-legais\/\" \/>\n<meta property=\"og:locale\" content=\"pt_PT\" \/>\n<meta property=\"og:type\" content=\"article\" \/>\n<meta property=\"og:title\" content=\"Mentions l\u00e9gales - BlackTenders\" \/>\n<meta property=\"og:description\" content=\"Bienvenue sur les Mentions l\u00e9gales BlackTenders du Site (telles que d\u00e9finies ci-dessous)\" \/>\n<meta property=\"og:url\" content=\"https:\/\/blacktenders.fr\/pt\/mencoes-legais\/\" \/>\n<meta property=\"og:site_name\" content=\"Black Tenders | Excursions en bateau, location et transferts priv\u00e9s sur la C\u00f4te d&#039;Azur\" \/>\n<meta property=\"article:publisher\" content=\"https:\/\/www.facebook.com\/blacktenders\/\" \/>\n<meta property=\"article:modified_time\" content=\"2026-05-04T14:36:57+00:00\" \/>\n<meta name=\"twitter:card\" content=\"summary_large_image\" \/>\n<meta name=\"twitter:label1\" content=\"Tempo estimado de leitura\" \/>\n\t<meta name=\"twitter:data1\" content=\"3 minutos\" \/>\n<!-- \/ Yoast SEO plugin. -->","yoast_head_json":{"title":"Men\u00e7\u00f5es Legais - BlackTenders","description":"Bem-vindo aos Termos e Condi\u00e7\u00f5es de Uso do Site BlackTenders (conforme definidos abaixo)","robots":{"index":"index","follow":"follow","max-snippet":"max-snippet:-1","max-image-preview":"max-image-preview:large","max-video-preview":"max-video-preview:-1"},"canonical":"https:\/\/blacktenders.fr\/pt\/mencoes-legais\/","og_locale":"pt_PT","og_type":"article","og_title":"Mentions l\u00e9gales - BlackTenders","og_description":"Bienvenue sur les Mentions l\u00e9gales BlackTenders du Site (telles que d\u00e9finies ci-dessous)","og_url":"https:\/\/blacktenders.fr\/pt\/mencoes-legais\/","og_site_name":"Black Tenders | Excursions en bateau, location et transferts priv\u00e9s sur la C\u00f4te d&#039;Azur","article_publisher":"https:\/\/www.facebook.com\/blacktenders\/","article_modified_time":"2026-05-04T14:36:57+00:00","twitter_card":"summary_large_image","twitter_misc":{"Tempo estimado de leitura":"3 minutos"},"schema":{"@context":"https:\/\/schema.org","@graph":[{"@type":"WebPage","@id":"https:\/\/blacktenders.fr\/mentions-legales\/","url":"https:\/\/blacktenders.fr\/mentions-legales\/","name":"Men\u00e7\u00f5es Legais - BlackTenders","isPartOf":{"@id":"https:\/\/blacktenders.fr\/#website"},"datePublished":"2026-04-16T14:51:56+00:00","dateModified":"2026-05-04T14:36:57+00:00","description":"Bem-vindo aos Termos e Condi\u00e7\u00f5es de Uso do Site BlackTenders (conforme definidos abaixo)","breadcrumb":{"@id":"https:\/\/blacktenders.fr\/mentions-legales\/#breadcrumb"},"inLanguage":"pt-PT","potentialAction":[{"@type":"ReadAction","target":["https:\/\/blacktenders.fr\/mentions-legales\/"]}]},{"@type":"BreadcrumbList","@id":"https:\/\/blacktenders.fr\/mentions-legales\/#breadcrumb","itemListElement":[{"@type":"ListItem","position":1,"name":"Home","item":"https:\/\/blacktenders.fr\/"},{"@type":"ListItem","position":2,"name":"Mentions l\u00e9gales"}]},{"@type":"WebSite","@id":"https:\/\/blacktenders.fr\/#website","url":"https:\/\/blacktenders.fr\/","name":"Black Tenders | Passeios de barco, aluguer e transfers privados na C\u00f4te d'Azur","description":"","publisher":{"@id":"https:\/\/blacktenders.fr\/#organization"},"potentialAction":[{"@type":"SearchAction","target":{"@type":"EntryPoint","urlTemplate":"https:\/\/blacktenders.fr\/?s={search_term_string}"},"query-input":{"@type":"PropertyValueSpecification","valueRequired":true,"valueName":"search_term_string"}}],"inLanguage":"pt-PT"},{"@type":"Organization","@id":"https:\/\/blacktenders.fr\/#organization","name":"BlackTenders Events","alternateName":"BT Events","url":"https:\/\/blacktenders.fr\/","logo":{"@type":"ImageObject","inLanguage":"pt-PT","@id":"https:\/\/blacktenders.fr\/#\/schema\/logo\/image\/","url":"https:\/\/blacktenders.fr\/wp-content\/uploads\/2026\/03\/67136de813940d326346af8d_Black-Tenders_colors-wh-1-e1604930338920-1.avif","contentUrl":"https:\/\/blacktenders.fr\/wp-content\/uploads\/2026\/03\/67136de813940d326346af8d_Black-Tenders_colors-wh-1-e1604930338920-1.avif","width":350,"height":130,"caption":"BlackTenders Events"},"image":{"@id":"https:\/\/blacktenders.fr\/#\/schema\/logo\/image\/"},"sameAs":["https:\/\/www.facebook.com\/blacktenders\/"]}]}},"_links":{"self":[{"href":"https:\/\/blacktenders.fr\/pt\/wp-json\/wp\/v2\/pages\/13457","targetHints":{"allow":["GET"]}}],"collection":[{"href":"https:\/\/blacktenders.fr\/pt\/wp-json\/wp\/v2\/pages"}],"about":[{"href":"https:\/\/blacktenders.fr\/pt\/wp-json\/wp\/v2\/types\/page"}],"author":[{"embeddable":true,"href":"https:\/\/blacktenders.fr\/pt\/wp-json\/wp\/v2\/users\/1"}],"replies":[{"embeddable":true,"href":"https:\/\/blacktenders.fr\/pt\/wp-json\/wp\/v2\/comments?post=13457"}],"version-history":[{"count":3,"href":"https:\/\/blacktenders.fr\/pt\/wp-json\/wp\/v2\/pages\/13457\/revisions"}],"predecessor-version":[{"id":14485,"href":"https:\/\/blacktenders.fr\/pt\/wp-json\/wp\/v2\/pages\/13457\/revisions\/14485"}],"wp:attachment":[{"href":"https:\/\/blacktenders.fr\/pt\/wp-json\/wp\/v2\/media?parent=13457"}],"curies":[{"name":"wp","href":"https:\/\/api.w.org\/{rel}","templated":true}]}}