{"id":13457,"date":"2026-04-16T14:51:56","date_gmt":"2026-04-16T14:51:56","guid":{"rendered":"https:\/\/blacktenders.fr\/?page_id=13457"},"modified":"2026-05-04T14:36:57","modified_gmt":"2026-05-04T14:36:57","slug":"%d1%8e%d1%80%d0%b8%d0%b4%d0%b8%d1%87%d0%b5%d1%81%d0%ba%d0%b0%d1%8f-%d0%b8%d0%bd%d1%84%d0%be%d1%80%d0%bc%d0%b0%d1%86%d0%b8%d1%8f","status":"publish","type":"page","link":"https:\/\/blacktenders.fr\/ru\/mentions-legales\/","title":{"rendered":"\u042e\u0440\u0438\u0434\u0438\u0447\u0435\u0441\u043a\u0430\u044f \u0438\u043d\u0444\u043e\u0440\u043c\u0430\u0446\u0438\u044f"},"content":{"rendered":"<p><em>\u041f\u043e\u0441\u043b\u0435\u0434\u043d\u0435\u0435 \u043e\u0431\u043d\u043e\u0432\u043b\u0435\u043d\u0438\u0435: 4 \u043c\u0430\u044f 2026 \u0433.<\/em><\/p>\n\n\n\n<h2 class=\"wp-block-heading\">1. \u0420\u0435\u0434\u0430\u043a\u0442\u043e\u0440 \u0441\u0430\u0439\u0442\u0430<\/h2>\n\n\n\n<p>\u0421\u0430\u0439\u0442 <strong>blacktenders.fr<\/strong> \u0438\u0437\u0434\u0430\u0435\u0442\u0441\u044f :<\/p>\n\n\n\n<p><strong>\u0421\u041e\u0411\u042b\u0422\u0418\u042f, \u0421\u0412\u042f\u0417\u0410\u041d\u041d\u042b\u0415 \u0421 \u0427\u0415\u0420\u041d\u042b\u041c\u0418 \u0422\u0415\u041d\u0414\u0415\u0420\u0410\u041c\u0418 \u0421\u0410\u0421\u0423<\/strong><br> \u0423\u043f\u0440\u043e\u0449\u0435\u043d\u043d\u043e\u0435 \u0443\u043d\u0438\u0442\u0430\u0440\u043d\u043e\u0435 \u043e\u0431\u0449\u0435\u0441\u0442\u0432\u043e \u0441 \u0443\u0441\u0442\u0430\u0432\u043d\u044b\u043c \u043a\u0430\u043f\u0438\u0442\u0430\u043b\u043e\u043c \u20ac45,000<br> \u0417\u0430\u0440\u0435\u0433\u0438\u0441\u0442\u0440\u0438\u0440\u043e\u0432\u0430\u043d\u043d\u044b\u0439 \u043e\u0444\u0438\u0441: 9025 B Boulevard du Bon Puits, 06210 Mandelieu-la-Napoule<br> RCS \u041a\u0430\u043d\u043d\u044b: 823 982 442<br> SIRET (\u0433\u043e\u043b\u043e\u0432\u043d\u043e\u0439 \u043e\u0444\u0438\u0441): 823 982 442 00019<br> \u041d\u043e\u043c\u0435\u0440 \u041d\u0414\u0421 Intracommunity: FR17823982442<br> \u041a\u043e\u0434 APE \/ NAF: 5010Z (\u041c\u043e\u0440\u0441\u043a\u043e\u0439 \u0438 \u043f\u0440\u0438\u0431\u0440\u0435\u0436\u043d\u044b\u0439 \u043f\u0430\u0441\u0441\u0430\u0436\u0438\u0440\u0441\u043a\u0438\u0439 \u0442\u0440\u0430\u043d\u0441\u043f\u043e\u0440\u0442)<br> \u0422\u0435\u043b\u0435\u0444\u043e\u043d: 06 30 83 88 72<br> E-mail : <a href=\"mailto:staff@blacktenders.fr\">staff@blacktenders.fr<\/a><\/p>\n\n\n\n<h2 class=\"wp-block-heading\">2. \u0414\u0438\u0440\u0435\u043a\u0442\u043e\u0440 \u0438\u0437\u0434\u0430\u0442\u0435\u043b\u044c\u0441\u0442\u0432\u0430<\/h2>\n\n\n\n<p>\u0413-\u0436\u0430 \u042d\u043c\u0438\u043b\u0438\u044f \u0413\u0418\u041b\u0410\u0420\u0414\u041e, \u043f\u0440\u0435\u0437\u0438\u0434\u0435\u043d\u0442 SASU Black Tenders Events.<\/p>\n\n\n\n<h2 class=\"wp-block-heading\">3. \u0425\u043e\u0441\u0442\u0438\u043d\u0433<\/h2>\n\n\n\n<p>\u0421\u0430\u0439\u0442 \u0440\u0430\u0441\u043f\u0440\u043e\u0441\u0442\u0440\u0430\u043d\u044f\u0435\u0442\u0441\u044f \u0447\u0435\u0440\u0435\u0437 \u0441\u0435\u0442\u044c \u0434\u043e\u0441\u0442\u0430\u0432\u043a\u0438 \u043a\u043e\u043d\u0442\u0435\u043d\u0442\u0430 (CDN) \u043a\u043e\u043c\u043f\u0430\u043d\u0438\u0438 :<\/p>\n\n\n\n<p>\n<strong>Cloudflare, Inc.<\/strong><br>\n101 \u0422\u0430\u0443\u043d\u0441\u0435\u043d\u0434-\u0441\u0442\u0440\u0438\u0442, \u0421\u0430\u043d-\u0424\u0440\u0430\u043d\u0446\u0438\u0441\u043a\u043e, \u041a\u0430\u043b\u0438\u0444\u043e\u0440\u043d\u0438\u044f, 94107, \u0421\u043e\u0435\u0434\u0438\u043d\u0435\u043d\u043d\u044b\u0435 \u0428\u0442\u0430\u0442\u044b \u0410\u043c\u0435\u0440\u0438\u043a\u0438<br>\n\u0421\u0430\u0439\u0442 : <a href=\"https:\/\/www.cloudflare.com\" target=\"_blank\" rel=\"noopener\">www.cloudflare.com<\/a>\n<\/p>\n\n\n\n<p>\u041e\u0440\u0438\u0433\u0438\u043d\u0430\u043b\u044c\u043d\u044b\u0435 \u0441\u0435\u0440\u0432\u0435\u0440\u044b \u0440\u0430\u0437\u043c\u0435\u0449\u0435\u043d\u044b \u043d\u0430 \u0441\u0430\u0439\u0442\u0435 :<\/p>\n\n\n\n<p><strong>\u0418\u041e\u041d\u041e\u0421 \u0421\u0410\u0420\u041b<\/strong><br>7, \u043f\u043b\u043e\u0449\u0430\u0434\u044c \u0412\u043e\u043a\u0437\u0430\u043b\u0430, 57200 \u0421\u0430\u0440\u0433\u0435\u043c\u0438\u043d, \u0424\u0440\u0430\u043d\u0446\u0438\u044f<br>\u0422\u0435\u043b\u0435\u0444\u043e\u043d: 0805 542 180<br>\u0421\u0430\u0439\u0442 : <a href=\"https:\/\/www.ionos.fr\" target=\"_blank\" rel=\"noopener\">www.ionos.fr<\/a><\/p>\n\n\n\n<h2 class=\"wp-block-heading\">4. \u041f\u0440\u043e\u0435\u043a\u0442\u0438\u0440\u043e\u0432\u0430\u043d\u0438\u0435 \u0438 \u0440\u0430\u0437\u0440\u0430\u0431\u043e\u0442\u043a\u0430<\/h2>\n\n\n\n<p>\n\u0421\u0430\u0439\u0442 \u0441\u043f\u0440\u043e\u0435\u043a\u0442\u0438\u0440\u043e\u0432\u0430\u043d \u0438 \u0440\u0430\u0437\u0440\u0430\u0431\u043e\u0442\u0430\u043d <strong><a href=\"https:\/\/studiojae.fr\" target=\"_blank\" rel=\"noopener\">StudioJae<\/a><\/strong> (Elliot Varin, EI) \u2014 \u0446\u0438\u0444\u0440\u043e\u0432\u043e\u0435 \u0430\u0433\u0435\u043d\u0442\u0441\u0442\u0432\u043e, \u0440\u0430\u0441\u043f\u043e\u043b\u043e\u0436\u0435\u043d\u043d\u043e\u0435 \u043d\u0430 \u041b\u0430\u0437\u0443\u0440\u043d\u043e\u043c \u0431\u0435\u0440\u0435\u0433\u0443, \u0441\u043f\u0435\u0446\u0438\u0430\u043b\u0438\u0437\u0438\u0440\u0443\u044e\u0449\u0435\u0435\u0441\u044f \u043d\u0430 WordPress, \u0438\u043d\u0434\u0438\u0432\u0438\u0434\u0443\u0430\u043b\u044c\u043d\u043e\u0439 \u0440\u0430\u0437\u0440\u0430\u0431\u043e\u0442\u043a\u0435 \u0438 SEO.<br>\n\u0421\u0418\u0420\u0415\u0422 : 852 024 629 00010\n<\/p>\n\n\n\n<h2 class=\"wp-block-heading\">5. \u0420\u0435\u0433\u0443\u043b\u0438\u0440\u0443\u0435\u043c\u0430\u044f \u0434\u0435\u044f\u0442\u0435\u043b\u044c\u043d\u043e\u0441\u0442\u044c<\/h2>\n\n\n\n<p>\u041a\u043e\u043c\u043f\u0430\u043d\u0438\u044f Black Tenders Events \u043e\u0441\u0443\u0449\u0435\u0441\u0442\u0432\u043b\u044f\u0435\u0442 \u043c\u043e\u0440\u0441\u043a\u0438\u0435 \u043f\u0430\u0441\u0441\u0430\u0436\u0438\u0440\u0441\u043a\u0438\u0435 \u043f\u0435\u0440\u0435\u0432\u043e\u0437\u043a\u0438 \u0438 \u043e\u0440\u0433\u0430\u043d\u0438\u0437\u0443\u0435\u0442 \u043c\u043e\u0440\u0441\u043a\u0438\u0435 \u043c\u0435\u0440\u043e\u043f\u0440\u0438\u044f\u0442\u0438\u044f. \u0418\u0441\u043f\u043e\u043b\u044c\u0437\u0443\u0435\u043c\u044b\u0435 \u0441\u0443\u0434\u0430 \u0437\u0430\u0440\u0435\u0433\u0438\u0441\u0442\u0440\u0438\u0440\u043e\u0432\u0430\u043d\u044b \u0432\u043e \u0444\u0440\u0430\u043d\u0446\u0443\u0437\u0441\u043a\u0438\u0445 \u043e\u0440\u0433\u0430\u043d\u0430\u0445 \u043f\u043e \u043c\u043e\u0440\u0441\u043a\u0438\u043c \u0434\u0435\u043b\u0430\u043c \u0438 \u043e\u0431\u043e\u0440\u0443\u0434\u043e\u0432\u0430\u043d\u044b \u0432 \u0441\u043e\u043e\u0442\u0432\u0435\u0442\u0441\u0442\u0432\u0438\u0438 \u0441 \u0434\u0435\u0439\u0441\u0442\u0432\u0443\u044e\u0449\u0438\u043c\u0438 \u043f\u0440\u0430\u0432\u0438\u043b\u0430\u043c\u0438 (\u0440\u0430\u0437\u0434\u0435\u043b\u044b 240 \u0438\/\u0438\u043b\u0438 241 \u043f\u0440\u0430\u0432\u0438\u043b, \u043a\u0430\u0441\u0430\u044e\u0449\u0438\u0445\u0441\u044f \u0431\u0435\u0437\u043e\u043f\u0430\u0441\u043d\u043e\u0441\u0442\u0438 \u0441\u0443\u0434\u043e\u0432, \u0432 \u0437\u0430\u0432\u0438\u0441\u0438\u043c\u043e\u0441\u0442\u0438 \u043e\u0442 \u0438\u0445 \u0438\u0441\u043f\u043e\u043b\u044c\u0437\u043e\u0432\u0430\u043d\u0438\u044f).<\/p>\n\n\n\n<p>\u0421\u0442\u0440\u0430\u0445\u043e\u0432\u0430\u043d\u0438\u0435 \u043f\u0440\u043e\u0444\u0435\u0441\u0441\u0438\u043e\u043d\u0430\u043b\u044c\u043d\u043e\u0439 \u0433\u0440\u0430\u0436\u0434\u0430\u043d\u0441\u043a\u043e-\u043f\u0440\u0430\u0432\u043e\u0432\u043e\u0439 \u043e\u0442\u0432\u0435\u0442\u0441\u0442\u0432\u0435\u043d\u043d\u043e\u0441\u0442\u0438: \u0440\u0435\u0444\u0435\u0440\u0435\u043d\u0446\u0438\u0438 \u043f\u0440\u0435\u0434\u043e\u0441\u0442\u0430\u0432\u043b\u044f\u044e\u0442\u0441\u044f \u043f\u043e \u0437\u0430\u043f\u0440\u043e\u0441\u0443 \u043f\u043e \u0430\u0434\u0440\u0435\u0441\u0443 <a href=\"mailto:staff@blacktenders.fr\">staff@blacktenders.fr<\/a>.<br> \u0413\u0435\u043e\u0433\u0440\u0430\u0444\u0438\u0447\u0435\u0441\u043a\u0438\u0439 \u043e\u0445\u0432\u0430\u0442: \u0421\u0440\u0435\u0434\u0438\u0437\u0435\u043c\u043d\u043e\u043c\u043e\u0440\u044c\u0435, \u043f\u0440\u0438\u0431\u0440\u0435\u0436\u043d\u0430\u044f \u0437\u043e\u043d\u0430 \u043f\u043b\u0430\u0432\u0430\u043d\u0438\u044f \u043c\u0435\u0436\u0434\u0443 \u041c\u043e\u043d\u0430\u043a\u043e \u0438 \u0421\u0435\u043d-\u0422\u0440\u043e\u043f\u0435.<\/p>\n\n\n\n<h2 class=\"wp-block-heading\">6. \u041f\u0440\u0430\u0432\u0430 \u0438\u043d\u0442\u0435\u043b\u043b\u0435\u043a\u0442\u0443\u0430\u043b\u044c\u043d\u043e\u0439 \u0441\u043e\u0431\u0441\u0442\u0432\u0435\u043d\u043d\u043e\u0441\u0442\u0438<\/h2>\n\n\n\n<p>\u0412\u0441\u0435 \u0441\u043e\u0434\u0435\u0440\u0436\u0438\u043c\u043e\u0435 \u0441\u0430\u0439\u0442\u0430 blacktenders.fr (\u0442\u0435\u043a\u0441\u0442, \u0444\u043e\u0442\u043e\u0433\u0440\u0430\u0444\u0438\u0438, \u0432\u0438\u0434\u0435\u043e, \u0433\u0440\u0430\u0444\u0438\u043a\u0430, \u0431\u0440\u0435\u043d\u0434\u044b, \u043b\u043e\u0433\u043e\u0442\u0438\u043f\u044b, \u0430\u0440\u0445\u0438\u0442\u0435\u043a\u0442\u0443\u0440\u0430) \u0437\u0430\u0449\u0438\u0449\u0435\u043d\u043e \u0437\u0430\u043a\u043e\u043d\u043e\u043c \u043e\u0431 \u0430\u0432\u0442\u043e\u0440\u0441\u043a\u043e\u043c \u043f\u0440\u0430\u0432\u0435 \u0438 \u0442\u043e\u0432\u0430\u0440\u043d\u044b\u0445 \u0437\u043d\u0430\u043a\u0430\u0445. \u0411\u0440\u0435\u043d\u0434 \u00abBlack Tenders\u00bb \u0438 \u0435\u0433\u043e \u043b\u043e\u0433\u043e\u0442\u0438\u043f \u044f\u0432\u043b\u044f\u044e\u0442\u0441\u044f \u0438\u0441\u043a\u043b\u044e\u0447\u0438\u0442\u0435\u043b\u044c\u043d\u043e\u0439 \u0441\u043e\u0431\u0441\u0442\u0432\u0435\u043d\u043d\u043e\u0441\u0442\u044c\u044e SASU Black Tenders Events.<\/p>\n\n\n\n<p>\u041b\u044e\u0431\u043e\u0435 \u0432\u043e\u0441\u043f\u0440\u043e\u0438\u0437\u0432\u0435\u0434\u0435\u043d\u0438\u0435, \u043f\u0440\u0435\u0434\u0441\u0442\u0430\u0432\u043b\u0435\u043d\u0438\u0435, \u0438\u0437\u043c\u0435\u043d\u0435\u043d\u0438\u0435, \u043f\u0443\u0431\u043b\u0438\u043a\u0430\u0446\u0438\u044f \u0438\u043b\u0438 \u0430\u0434\u0430\u043f\u0442\u0430\u0446\u0438\u044f \u0432\u0441\u0435\u0445 \u0438\u043b\u0438 \u0447\u0430\u0441\u0442\u0438 \u044d\u043b\u0435\u043c\u0435\u043d\u0442\u043e\u0432 \u0441\u0430\u0439\u0442\u0430 \u043b\u044e\u0431\u044b\u043c\u0438 \u0441\u0440\u0435\u0434\u0441\u0442\u0432\u0430\u043c\u0438 \u0431\u0435\u0437 \u043f\u0440\u0435\u0434\u0432\u0430\u0440\u0438\u0442\u0435\u043b\u044c\u043d\u043e\u0433\u043e \u043f\u0438\u0441\u044c\u043c\u0435\u043d\u043d\u043e\u0433\u043e \u0440\u0430\u0437\u0440\u0435\u0448\u0435\u043d\u0438\u044f \u0437\u0430\u043f\u0440\u0435\u0449\u0435\u043d\u044b. \u041b\u044e\u0431\u043e\u0435 \u043d\u0435\u0441\u0430\u043d\u043a\u0446\u0438\u043e\u043d\u0438\u0440\u043e\u0432\u0430\u043d\u043d\u043e\u0435 \u0438\u0441\u043f\u043e\u043b\u044c\u0437\u043e\u0432\u0430\u043d\u0438\u0435 \u043f\u0440\u0435\u0434\u0441\u0442\u0430\u0432\u043b\u044f\u0435\u0442 \u0441\u043e\u0431\u043e\u0439 \u043d\u0430\u0440\u0443\u0448\u0435\u043d\u0438\u0435, \u043d\u0430\u043a\u0430\u0437\u0443\u0435\u043c\u043e\u0435 \u0432 \u0441\u043e\u043e\u0442\u0432\u0435\u0442\u0441\u0442\u0432\u0438\u0438 \u0441\u043e \u0441\u0442\u0430\u0442\u044c\u044f\u043c\u0438 L.335-2 \u0438 \u043f\u043e\u0441\u043b\u0435\u0434\u0443\u044e\u0449\u0438\u043c\u0438 \u041a\u043e\u0434\u0435\u043a\u0441\u0430 \u0438\u043d\u0442\u0435\u043b\u043b\u0435\u043a\u0442\u0443\u0430\u043b\u044c\u043d\u043e\u0439 \u0441\u043e\u0431\u0441\u0442\u0432\u0435\u043d\u043d\u043e\u0441\u0442\u0438 \u0424\u0440\u0430\u043d\u0446\u0438\u0438.<\/p>\n\n\n\n<h2 class=\"wp-block-heading\">7. \u041e\u0433\u0440\u0430\u043d\u0438\u0447\u0435\u043d\u0438\u0435 \u043e\u0442\u0432\u0435\u0442\u0441\u0442\u0432\u0435\u043d\u043d\u043e\u0441\u0442\u0438<\/h2>\n\n\n\n<p>Black Tenders Events \u0441\u0442\u0440\u0435\u043c\u0438\u0442\u0441\u044f \u043f\u0440\u0435\u0434\u043e\u0441\u0442\u0430\u0432\u043b\u044f\u0442\u044c \u0442\u043e\u0447\u043d\u0443\u044e \u0438 \u0430\u043a\u0442\u0443\u0430\u043b\u044c\u043d\u0443\u044e \u0438\u043d\u0444\u043e\u0440\u043c\u0430\u0446\u0438\u044e \u043d\u0430 \u0441\u0430\u0439\u0442\u0435, \u043d\u043e \u043d\u0435 \u043c\u043e\u0436\u0435\u0442 \u0433\u0430\u0440\u0430\u043d\u0442\u0438\u0440\u043e\u0432\u0430\u0442\u044c, \u0447\u0442\u043e \u043e\u043d\u0430 \u0431\u0443\u0434\u0435\u0442 \u043f\u043e\u043b\u043d\u043e\u0439 \u0438\u043b\u0438 \u0431\u0435\u0437\u043e\u0448\u0438\u0431\u043e\u0447\u043d\u043e\u0439. \u0418\u043d\u0444\u043e\u0440\u043c\u0430\u0446\u0438\u044f, \u043a\u0430\u0441\u0430\u044e\u0449\u0430\u044f\u0441\u044f \u044d\u043a\u0441\u043a\u0443\u0440\u0441\u0438\u0439, \u0443\u0441\u043b\u043e\u0432\u0438\u0439 \u043f\u043b\u0430\u0432\u0430\u043d\u0438\u044f, \u043d\u0430\u043b\u0438\u0447\u0438\u044f \u043c\u0435\u0441\u0442 \u0438 \u0446\u0435\u043d, \u044f\u0432\u043b\u044f\u0435\u0442\u0441\u044f \u043e\u0440\u0438\u0435\u043d\u0442\u0438\u0440\u043e\u0432\u043e\u0447\u043d\u043e\u0439 \u0438 \u043c\u043e\u0436\u0435\u0442 \u0431\u044b\u0442\u044c \u0438\u0437\u043c\u0435\u043d\u0435\u043d\u0430. Black Tenders Events \u043e\u0441\u0442\u0430\u0432\u043b\u044f\u0435\u0442 \u0437\u0430 \u0441\u043e\u0431\u043e\u0439 \u043f\u0440\u0430\u0432\u043e \u0438\u0437\u043c\u0435\u043d\u044f\u0442\u044c, \u043e\u0442\u043c\u0435\u043d\u044f\u0442\u044c \u0438\u043b\u0438 \u043f\u0435\u0440\u0435\u043d\u043e\u0441\u0438\u0442\u044c \u043b\u044e\u0431\u044b\u0435 \u0438\u0437 \u0441\u0432\u043e\u0438\u0445 \u0443\u0441\u043b\u0443\u0433 \u0432 \u0441\u043e\u043e\u0442\u0432\u0435\u0442\u0441\u0442\u0432\u0438\u0438 \u0441 \u0443\u0441\u043b\u043e\u0432\u0438\u044f\u043c\u0438, \u0438\u0437\u043b\u043e\u0436\u0435\u043d\u043d\u044b\u043c\u0438 \u0432 \u0423\u0441\u043b\u043e\u0432\u0438\u044f\u0445 \u0431\u0440\u043e\u043d\u0438\u0440\u043e\u0432\u0430\u043d\u0438\u044f. <a href=\"\/ru\/%d0%be%d0%b1%d1%89%d0%b8%d0%b5-%d0%bf%d0%be%d0%bb%d0%be%d0%b6%d0%b5%d0%bd%d0%b8%d1%8f-%d0%b8-%d1%83%d1%81%d0%bb%d0%be%d0%b2%d0%b8%d1%8f-%d0%bf%d1%80%d0%be%d0%b4%d0%b0%d0%b6%d0%b8\/\">\u041e\u0411\u0429\u0418\u0415 \u041f\u041e\u041b\u041e\u0416\u0415\u041d\u0418\u042f \u0418 \u0423\u0421\u041b\u041e\u0412\u0418\u042f<\/a>.<\/p>\n\n\n\n<h2 class=\"wp-block-heading\">8. \u0413\u0438\u043f\u0435\u0440\u0442\u0435\u043a\u0441\u0442\u043e\u0432\u044b\u0435 \u0441\u0441\u044b\u043b\u043a\u0438<\/h2>\n\n\n\n<p>\u0421\u0430\u0439\u0442 \u043c\u043e\u0436\u0435\u0442 \u0441\u043e\u0434\u0435\u0440\u0436\u0430\u0442\u044c \u0441\u0441\u044b\u043b\u043a\u0438 \u043d\u0430 \u0441\u0430\u0439\u0442\u044b \u0442\u0440\u0435\u0442\u044c\u0438\u0445 \u043b\u0438\u0446 (GetYourGuide, \u0441\u043e\u0446\u0438\u0430\u043b\u044c\u043d\u044b\u0435 \u0441\u0435\u0442\u0438, \u043f\u0430\u0440\u0442\u043d\u0435\u0440\u044b). Black Tenders Events \u043d\u0435 \u043a\u043e\u043d\u0442\u0440\u043e\u043b\u0438\u0440\u0443\u0435\u0442 \u044d\u0442\u0438 \u0441\u0430\u0439\u0442\u044b \u0438 \u043d\u0435 \u043d\u0435\u0441\u0435\u0442 \u043e\u0442\u0432\u0435\u0442\u0441\u0442\u0432\u0435\u043d\u043d\u043e\u0441\u0442\u0438 \u0437\u0430 \u0438\u0445 \u0441\u043e\u0434\u0435\u0440\u0436\u0430\u043d\u0438\u0435.<\/p>\n\n\n\n<h2 class=\"wp-block-heading\">9. \u041b\u0438\u0447\u043d\u044b\u0435 \u0434\u0430\u043d\u043d\u044b\u0435 \u0438 \u0444\u0430\u0439\u043b\u044b cookie<\/h2>\n\n\n\n<p>\u041e\u0431\u0440\u0430\u0431\u043e\u0442\u043a\u0430 \u043f\u0435\u0440\u0441\u043e\u043d\u0430\u043b\u044c\u043d\u044b\u0445 \u0434\u0430\u043d\u043d\u044b\u0445 \u043f\u043e\u0434\u0440\u043e\u0431\u043d\u043e \u043e\u043f\u0438\u0441\u0430\u043d\u0430 \u0432 <a href=\"\/ru\/politique-confidentialite\/\">\u041f\u043e\u043b\u0438\u0442\u0438\u043a\u0430 \u043a\u043e\u043d\u0444\u0438\u0434\u0435\u043d\u0446\u0438\u0430\u043b\u044c\u043d\u043e\u0441\u0442\u0438<\/a> \u0438 \u0438\u0441\u043f\u043e\u043b\u044c\u0437\u043e\u0432\u0430\u043d\u0438\u0435 \u0444\u0430\u0439\u043b\u043e\u0432 cookie \u0432 <a href=\"\/ru\/%d0%bf%d0%be%d0%bb%d0%b8%d1%82%d0%b8%d0%ba%d0%b0-%d0%b2-%d0%be%d1%82%d0%bd%d0%be%d1%88%d0%b5%d0%bd%d0%b8%d0%b8-%d1%84%d0%b0%d0%b9%d0%bb%d0%be%d0%b2-cookie\/\">\u041f\u043e\u043b\u0438\u0442\u0438\u043a\u0430 \u0438\u0441\u043f\u043e\u043b\u044c\u0437\u043e\u0432\u0430\u043d\u0438\u044f \u0444\u0430\u0439\u043b\u043e\u0432 cookie<\/a>.<\/p>\n\n\n\n<h2 class=\"wp-block-heading\">10. \u041f\u0440\u0438\u043c\u0435\u043d\u0438\u043c\u043e\u0435 \u043f\u0440\u0430\u0432\u043e \u0438 \u044e\u0440\u0438\u0441\u0434\u0438\u043a\u0446\u0438\u044f<\/h2>\n\n\n\n<p>\u041d\u0430\u0441\u0442\u043e\u044f\u0449\u0435\u0435 \u044e\u0440\u0438\u0434\u0438\u0447\u0435\u0441\u043a\u043e\u0435 \u0443\u0432\u0435\u0434\u043e\u043c\u043b\u0435\u043d\u0438\u0435 \u0440\u0435\u0433\u0443\u043b\u0438\u0440\u0443\u0435\u0442\u0441\u044f \u0444\u0440\u0430\u043d\u0446\u0443\u0437\u0441\u043a\u0438\u043c \u0437\u0430\u043a\u043e\u043d\u043e\u0434\u0430\u0442\u0435\u043b\u044c\u0441\u0442\u0432\u043e\u043c. \u0412 \u0441\u043b\u0443\u0447\u0430\u0435 \u0432\u043e\u0437\u043d\u0438\u043a\u043d\u043e\u0432\u0435\u043d\u0438\u044f \u0441\u043f\u043e\u0440\u0430 \u0438 \u043f\u043e\u0441\u043b\u0435 \u0442\u043e\u0433\u043e, \u043a\u0430\u043a \u0432\u0441\u0435 \u043f\u043e\u043f\u044b\u0442\u043a\u0438 \u043f\u043e\u043b\u044e\u0431\u043e\u0432\u043d\u043e\u0433\u043e \u0443\u0440\u0435\u0433\u0443\u043b\u0438\u0440\u043e\u0432\u0430\u043d\u0438\u044f \u043d\u0435 \u0443\u0432\u0435\u043d\u0447\u0430\u043b\u0438\u0441\u044c \u0443\u0441\u043f\u0435\u0445\u043e\u043c, \u0434\u0435\u043b\u043e \u0431\u0443\u0434\u0435\u0442 \u043f\u0435\u0440\u0435\u0434\u0430\u043d\u043e \u0432 \u043a\u043e\u043c\u043f\u0435\u0442\u0435\u043d\u0442\u043d\u044b\u0435 \u0441\u0443\u0434\u044b \u0432 \u043f\u0440\u0435\u0434\u0435\u043b\u0430\u0445 \u044e\u0440\u0438\u0441\u0434\u0438\u043a\u0446\u0438\u0438 \u0437\u0430\u0440\u0435\u0433\u0438\u0441\u0442\u0440\u0438\u0440\u043e\u0432\u0430\u043d\u043d\u043e\u0433\u043e \u043e\u0444\u0438\u0441\u0430, \u0441 \u0443\u0447\u0435\u0442\u043e\u043c \u043f\u0440\u0430\u0432\u0438\u043b \u043f\u0443\u0431\u043b\u0438\u0447\u043d\u043e\u0433\u043e \u043f\u043e\u0440\u044f\u0434\u043a\u0430, \u0437\u0430\u0449\u0438\u0449\u0430\u044e\u0449\u0438\u0445 \u043f\u043e\u0442\u0440\u0435\u0431\u0438\u0442\u0435\u043b\u0435\u0439.<\/p>\n\n\n\n<h2 class=\"wp-block-heading\">11. \u041a\u043e\u043d\u0442\u0430\u043a\u0442<\/h2>\n\n\n\n<p>\u0415\u0441\u043b\u0438 \u0443 \u0432\u0430\u0441 \u0435\u0441\u0442\u044c \u0432\u043e\u043f\u0440\u043e\u0441\u044b: <a href=\"mailto:staff@blacktenders.fr\">staff@blacktenders.fr<\/a> \u2014 06 30 83 88 72<\/p>","protected":false},"excerpt":{"rendered":"<p>Derni\u00e8re mise \u00e0 jour : 4 mai 2026 1. \u00c9diteur du site Le site blacktenders.fr est \u00e9dit\u00e9 par : SASU BLACK TENDERS EVENTS Soci\u00e9t\u00e9 par Actions Simplifi\u00e9e Unipersonnelle au capital de 45 000 \u20ac Si\u00e8ge social : 9025 B Boulevard du Bon Puits, 06210 Mandelieu-la-Napoule RCS Cannes : 823 982 442 SIRET (si\u00e8ge) : 823 [&hellip;]<\/p>\n","protected":false},"author":1,"featured_media":0,"parent":0,"menu_order":0,"comment_status":"closed","ping_status":"closed","template":"","meta":{"_acf_changed":false,"footnotes":""},"class_list":["post-13457","page","type-page","status-publish","hentry"],"acf":[],"yoast_head":"<!-- This site is optimized with the Yoast SEO plugin v27.2 - https:\/\/yoast.com\/product\/yoast-seo-wordpress\/ -->\n<title>Mentions l\u00e9gales - BlackTenders<\/title>\n<meta name=\"description\" content=\"Bienvenue sur les Mentions l\u00e9gales BlackTenders du Site (telles que d\u00e9finies ci-dessous)\" \/>\n<meta name=\"robots\" content=\"index, follow, max-snippet:-1, max-image-preview:large, max-video-preview:-1\" \/>\n<link rel=\"canonical\" href=\"https:\/\/blacktenders.fr\/ru\/\u044e\u0440\u0438\u0434\u0438\u0447\u0435\u0441\u043a\u0430\u044f-\u0438\u043d\u0444\u043e\u0440\u043c\u0430\u0446\u0438\u044f\/\" \/>\n<meta property=\"og:locale\" content=\"ru_RU\" \/>\n<meta property=\"og:type\" content=\"article\" \/>\n<meta property=\"og:title\" content=\"Mentions l\u00e9gales - BlackTenders\" \/>\n<meta property=\"og:description\" content=\"Bienvenue sur les Mentions l\u00e9gales BlackTenders du Site (telles que d\u00e9finies ci-dessous)\" \/>\n<meta property=\"og:url\" content=\"https:\/\/blacktenders.fr\/ru\/\u044e\u0440\u0438\u0434\u0438\u0447\u0435\u0441\u043a\u0430\u044f-\u0438\u043d\u0444\u043e\u0440\u043c\u0430\u0446\u0438\u044f\/\" \/>\n<meta property=\"og:site_name\" content=\"Black Tenders | Excursions en bateau, location et transferts priv\u00e9s sur la C\u00f4te d&#039;Azur\" \/>\n<meta property=\"article:publisher\" content=\"https:\/\/www.facebook.com\/blacktenders\/\" \/>\n<meta property=\"article:modified_time\" content=\"2026-05-04T14:36:57+00:00\" \/>\n<meta name=\"twitter:card\" content=\"summary_large_image\" \/>\n<meta name=\"twitter:label1\" content=\"\u041f\u0440\u0438\u043c\u0435\u0440\u043d\u043e\u0435 \u0432\u0440\u0435\u043c\u044f \u0434\u043b\u044f \u0447\u0442\u0435\u043d\u0438\u044f\" \/>\n\t<meta name=\"twitter:data1\" content=\"3 \u043c\u0438\u043d\u0443\u0442\u044b\" \/>\n<!-- \/ Yoast SEO plugin. -->","yoast_head_json":{"title":"\u042e\u0440\u0438\u0434\u0438\u0447\u0435\u0441\u043a\u0430\u044f \u0438\u043d\u0444\u043e\u0440\u043c\u0430\u0446\u0438\u044f - BlackTenders","description":"\u0414\u043e\u0431\u0440\u043e \u043f\u043e\u0436\u0430\u043b\u043e\u0432\u0430\u0442\u044c \u0432 \u044e\u0440\u0438\u0434\u0438\u0447\u0435\u0441\u043a\u043e\u0435 \u0443\u0432\u0435\u0434\u043e\u043c\u043b\u0435\u043d\u0438\u0435 BlackTenders \u0434\u043b\u044f \u0441\u0430\u0439\u0442\u0430 (\u043a\u0430\u043a \u043e\u043f\u0440\u0435\u0434\u0435\u043b\u0435\u043d\u043e \u043d\u0438\u0436\u0435)","robots":{"index":"index","follow":"follow","max-snippet":"max-snippet:-1","max-image-preview":"max-image-preview:large","max-video-preview":"max-video-preview:-1"},"canonical":"https:\/\/blacktenders.fr\/ru\/\u044e\u0440\u0438\u0434\u0438\u0447\u0435\u0441\u043a\u0430\u044f-\u0438\u043d\u0444\u043e\u0440\u043c\u0430\u0446\u0438\u044f\/","og_locale":"ru_RU","og_type":"article","og_title":"Mentions l\u00e9gales - BlackTenders","og_description":"Bienvenue sur les Mentions l\u00e9gales BlackTenders du Site (telles que d\u00e9finies ci-dessous)","og_url":"https:\/\/blacktenders.fr\/ru\/\u044e\u0440\u0438\u0434\u0438\u0447\u0435\u0441\u043a\u0430\u044f-\u0438\u043d\u0444\u043e\u0440\u043c\u0430\u0446\u0438\u044f\/","og_site_name":"Black Tenders | Excursions en bateau, location et transferts priv\u00e9s sur la C\u00f4te d&#039;Azur","article_publisher":"https:\/\/www.facebook.com\/blacktenders\/","article_modified_time":"2026-05-04T14:36:57+00:00","twitter_card":"summary_large_image","twitter_misc":{"\u041f\u0440\u0438\u043c\u0435\u0440\u043d\u043e\u0435 \u0432\u0440\u0435\u043c\u044f \u0434\u043b\u044f \u0447\u0442\u0435\u043d\u0438\u044f":"3 \u043c\u0438\u043d\u0443\u0442\u044b"},"schema":{"@context":"https:\/\/schema.org","@graph":[{"@type":"WebPage","@id":"https:\/\/blacktenders.fr\/mentions-legales\/","url":"https:\/\/blacktenders.fr\/mentions-legales\/","name":"\u042e\u0440\u0438\u0434\u0438\u0447\u0435\u0441\u043a\u0430\u044f \u0438\u043d\u0444\u043e\u0440\u043c\u0430\u0446\u0438\u044f - BlackTenders","isPartOf":{"@id":"https:\/\/blacktenders.fr\/#website"},"datePublished":"2026-04-16T14:51:56+00:00","dateModified":"2026-05-04T14:36:57+00:00","description":"\u0414\u043e\u0431\u0440\u043e \u043f\u043e\u0436\u0430\u043b\u043e\u0432\u0430\u0442\u044c \u0432 \u044e\u0440\u0438\u0434\u0438\u0447\u0435\u0441\u043a\u043e\u0435 \u0443\u0432\u0435\u0434\u043e\u043c\u043b\u0435\u043d\u0438\u0435 BlackTenders \u0434\u043b\u044f \u0441\u0430\u0439\u0442\u0430 (\u043a\u0430\u043a \u043e\u043f\u0440\u0435\u0434\u0435\u043b\u0435\u043d\u043e \u043d\u0438\u0436\u0435)","breadcrumb":{"@id":"https:\/\/blacktenders.fr\/mentions-legales\/#breadcrumb"},"inLanguage":"ru-RU","potentialAction":[{"@type":"ReadAction","target":["https:\/\/blacktenders.fr\/mentions-legales\/"]}]},{"@type":"BreadcrumbList","@id":"https:\/\/blacktenders.fr\/mentions-legales\/#breadcrumb","itemListElement":[{"@type":"ListItem","position":1,"name":"Home","item":"https:\/\/blacktenders.fr\/"},{"@type":"ListItem","position":2,"name":"Mentions l\u00e9gales"}]},{"@type":"WebSite","@id":"https:\/\/blacktenders.fr\/#website","url":"https:\/\/blacktenders.fr\/","name":"Black Tenders | Excursions en bateau, location et transferts priv\u00e9s sur la C\u00f4te d&#039;Azur","description":"","publisher":{"@id":"https:\/\/blacktenders.fr\/#organization"},"potentialAction":[{"@type":"SearchAction","target":{"@type":"EntryPoint","urlTemplate":"https:\/\/blacktenders.fr\/?s={search_term_string}"},"query-input":{"@type":"PropertyValueSpecification","valueRequired":true,"valueName":"search_term_string"}}],"inLanguage":"ru-RU"},{"@type":"Organization","@id":"https:\/\/blacktenders.fr\/#organization","name":"BlackTenders Events","alternateName":"BT Events","url":"https:\/\/blacktenders.fr\/","logo":{"@type":"ImageObject","inLanguage":"ru-RU","@id":"https:\/\/blacktenders.fr\/#\/schema\/logo\/image\/","url":"https:\/\/blacktenders.fr\/wp-content\/uploads\/2026\/03\/67136de813940d326346af8d_Black-Tenders_colors-wh-1-e1604930338920-1.avif","contentUrl":"https:\/\/blacktenders.fr\/wp-content\/uploads\/2026\/03\/67136de813940d326346af8d_Black-Tenders_colors-wh-1-e1604930338920-1.avif","width":350,"height":130,"caption":"BlackTenders Events"},"image":{"@id":"https:\/\/blacktenders.fr\/#\/schema\/logo\/image\/"},"sameAs":["https:\/\/www.facebook.com\/blacktenders\/"]}]}},"_links":{"self":[{"href":"https:\/\/blacktenders.fr\/ru\/wp-json\/wp\/v2\/pages\/13457","targetHints":{"allow":["GET"]}}],"collection":[{"href":"https:\/\/blacktenders.fr\/ru\/wp-json\/wp\/v2\/pages"}],"about":[{"href":"https:\/\/blacktenders.fr\/ru\/wp-json\/wp\/v2\/types\/page"}],"author":[{"embeddable":true,"href":"https:\/\/blacktenders.fr\/ru\/wp-json\/wp\/v2\/users\/1"}],"replies":[{"embeddable":true,"href":"https:\/\/blacktenders.fr\/ru\/wp-json\/wp\/v2\/comments?post=13457"}],"version-history":[{"count":3,"href":"https:\/\/blacktenders.fr\/ru\/wp-json\/wp\/v2\/pages\/13457\/revisions"}],"predecessor-version":[{"id":14485,"href":"https:\/\/blacktenders.fr\/ru\/wp-json\/wp\/v2\/pages\/13457\/revisions\/14485"}],"wp:attachment":[{"href":"https:\/\/blacktenders.fr\/ru\/wp-json\/wp\/v2\/media?parent=13457"}],"curies":[{"name":"wp","href":"https:\/\/api.w.org\/{rel}","templated":true}]}}